{"id":12,"date":"2022-09-19T16:05:28","date_gmt":"2022-09-19T16:05:28","guid":{"rendered":"https:\/\/rainbowdecoratingrefurb.com\/flughafencab\/?page_id=12"},"modified":"2022-11-21T10:35:04","modified_gmt":"2022-11-21T10:35:04","slug":"about-us","status":"publish","type":"page","link":"https:\/\/munich-concierge.com\/index.php\/about-us\/","title":{"rendered":"ABOUT US"},"content":{"rendered":"<style>\/*! elementor - v3.7.8 - 02-10-2022 *\/\n.elementor-column .elementor-spacer-inner{height:var(--spacer-size)}.e-container{--container-widget-width:100%}.e-container>.elementor-widget-spacer{width:var(--container-widget-width,var(--spacer-size));-ms-flex-item-align:stretch;align-self:stretch;-ms-flex-negative:0;flex-shrink:0}.e-container>.elementor-widget-spacer>.elementor-widget-container,.e-container>.elementor-widget-spacer>.elementor-widget-container>.elementor-spacer{height:100%}.e-container>.elementor-widget-spacer>.elementor-widget-container>.elementor-spacer>.elementor-spacer-inner{height:var(--container-widget-height,var(--spacer-size))}<\/style>\n<p style=\"text-align: center;\">A\u00a0SSISSTA<\/p>\n<p style=\"text-align: center;\">\u200b<\/p>\n<section id=\"comp-kt4dk9uo\">\n<p style=\"text-align: center;\">Willkommen bei der Conciergerie Ihrer Wahl\u00a0<\/p>\n<\/section>\n<p style=\"text-align: center;\">A\u00a0SSISSTA<\/p>\n<p style=\"text-align: center;\">\u200b<br \/>Welcome to the conciergerie of your choice<\/p>\n<p>UNSERE DNA<\/p>\n<p>\u00a0Wir widmen uns einem Passion: dem SERVICE.<\/p>\n<p style=\"text-align: left;\">Leidenschaft verk\u00f6rpert unseren Beruf, da sie den Kunden in den Mittelpunkt unserer Aufmerksamkeit stellt.<\/p>\n<p>OUR DNA<\/p>\n<p style=\"text-align: center;\">We dedicate ourselves to one passion: SERVICE.<\/p>\n<p style=\"text-align: center;\">Passion embodies our profession as it puts the customer at the center of our attention.<\/p>\n<p>LEIDENSCHAFT<\/p>\n<style>\/*! elementor - v3.7.8 - 02-10-2022 *\/\n.elementor-widget-divider{--divider-border-style:none;--divider-border-width:1px;--divider-color:#2c2c2c;--divider-icon-size:20px;--divider-element-spacing:10px;--divider-pattern-height:24px;--divider-pattern-size:20px;--divider-pattern-url:none;--divider-pattern-repeat:repeat-x}.elementor-widget-divider .elementor-divider{display:-webkit-box;display:-ms-flexbox;display:flex}.elementor-widget-divider .elementor-divider__text{font-size:15px;line-height:1;max-width:95%}.elementor-widget-divider .elementor-divider__element{margin:0 var(--divider-element-spacing);-ms-flex-negative:0;flex-shrink:0}.elementor-widget-divider .elementor-icon{font-size:var(--divider-icon-size)}.elementor-widget-divider .elementor-divider-separator{display:-webkit-box;display:-ms-flexbox;display:flex;margin:0;direction:ltr}.elementor-widget-divider--view-line_icon .elementor-divider-separator,.elementor-widget-divider--view-line_text .elementor-divider-separator{-webkit-box-align:center;-ms-flex-align:center;align-items:center}.elementor-widget-divider--view-line_icon .elementor-divider-separator:after,.elementor-widget-divider--view-line_icon .elementor-divider-separator:before,.elementor-widget-divider--view-line_text .elementor-divider-separator:after,.elementor-widget-divider--view-line_text .elementor-divider-separator:before{display:block;content:\"\";border-bottom:0;-webkit-box-flex:1;-ms-flex-positive:1;flex-grow:1;border-top:var(--divider-border-width) var(--divider-border-style) var(--divider-color)}.elementor-widget-divider--element-align-left .elementor-divider .elementor-divider-separator>.elementor-divider__svg:first-of-type{-webkit-box-flex:0;-ms-flex-positive:0;flex-grow:0;-ms-flex-negative:100;flex-shrink:100}.elementor-widget-divider--element-align-left .elementor-divider-separator:before{content:none}.elementor-widget-divider--element-align-left .elementor-divider__element{margin-left:0}.elementor-widget-divider--element-align-right .elementor-divider .elementor-divider-separator>.elementor-divider__svg:last-of-type{-webkit-box-flex:0;-ms-flex-positive:0;flex-grow:0;-ms-flex-negative:100;flex-shrink:100}.elementor-widget-divider--element-align-right .elementor-divider-separator:after{content:none}.elementor-widget-divider--element-align-right .elementor-divider__element{margin-right:0}.elementor-widget-divider:not(.elementor-widget-divider--view-line_text):not(.elementor-widget-divider--view-line_icon) .elementor-divider-separator{border-top:var(--divider-border-width) var(--divider-border-style) var(--divider-color)}.elementor-widget-divider--separator-type-pattern{--divider-border-style:none}.elementor-widget-divider--separator-type-pattern.elementor-widget-divider--view-line .elementor-divider-separator,.elementor-widget-divider--separator-type-pattern:not(.elementor-widget-divider--view-line) .elementor-divider-separator:after,.elementor-widget-divider--separator-type-pattern:not(.elementor-widget-divider--view-line) .elementor-divider-separator:before,.elementor-widget-divider--separator-type-pattern:not([class*=elementor-widget-divider--view]) .elementor-divider-separator{width:100%;min-height:var(--divider-pattern-height);-webkit-mask-size:var(--divider-pattern-size) 100%;mask-size:var(--divider-pattern-size) 100%;-webkit-mask-repeat:var(--divider-pattern-repeat);mask-repeat:var(--divider-pattern-repeat);background-color:var(--divider-color);-webkit-mask-image:var(--divider-pattern-url);mask-image:var(--divider-pattern-url)}.elementor-widget-divider--no-spacing{--divider-pattern-size:auto}.elementor-widget-divider--bg-round{--divider-pattern-repeat:round}.rtl .elementor-widget-divider .elementor-divider__text{direction:rtl}.e-container>.elementor-widget-divider{width:var(--container-widget-width,100%);--flex-grow:var(--container-widget-flex-grow,0)}<\/style>\n<p>\t\tEINE KULTUR DES DIENSTES<\/p>\n<p>Exzellenz zu liefern ist nicht nur ein Marketingversprechen, es ist seit der Gr\u00fcndung unseres Unternehmens unsere Berufung und Besessenheit.<\/p>\n<p>EXZELLENZ\t\t<\/p>\n<p>\u00dcBER DIE ZUFRIEDENHEIT HINAUSWACHSEN<\/p>\n<p>Um jeden Tag das beste Erlebnis zu bieten, personalisieren wir jeden Ansprechpartner mit gro\u00dfer Sorgfalt und Liebe zum Detail, sei es f\u00fcr unsere Kunden, Partner oder Mitarbeiter. Wir streben konsequent nach Exzellenz und teilen den Wunsch, die Erwartungen zu \u00fcbertreffen und unseren Mitgliedern das Beste zu bieten.PASSION<br \/>\n\t\tA CULTURE OF SERVICEDelivering excellence is not just a marketing promise, it has been our vocation and obsession since the founding of our company.EXCELLENCE<br \/>\n\t\t\u00a0GROW BEYOND THE SATISFACTIONIn order to offer the best experience every day, we personalize each contact with great care and attention to detail, be it for our customers, partners or employees.\u00a0We consistently strive for excellence and share a desire to exceed expectations and provide our members with the very bes\t\t<\/p>\n<style>\/*! elementor - v3.7.8 - 02-10-2022 *\/\n.elementor-widget-image{text-align:center}.elementor-widget-image a{display:inline-block}.elementor-widget-image a img[src$=\".svg\"]{width:48px}.elementor-widget-image img{vertical-align:middle;display:inline-block}<\/style>\n<p>\t\t\t\t\t\t\t\t\t\t\t\t<img decoding=\"async\" width=\"513\" height=\"208\" src=\"https:\/\/munich-concierge.com\/wp-content\/uploads\/2022\/09\/asassasass-2.png\" alt=\"\" loading=\"lazy\" srcset=\"https:\/\/munich-concierge.com\/wp-content\/uploads\/2022\/09\/asassasass-2.png 513w, https:\/\/munich-concierge.com\/wp-content\/uploads\/2022\/09\/asassasass-2-300x122.png 300w\" sizes=\"auto, (max-width: 513px) 100vw, 513px\" \/>\t\t\t\t\t\t\t\t\t\t\t\t\t\t\t<\/p>\n<h3 style=\"text-align: left;\">UNTERNEHMERTUM<\/h3>\n<p>Wir begr\u00fc\u00dfen und treiben Ver\u00e4nderungen voran und suchen st\u00e4ndig nach Herausforderungen.<br \/>Unternehmergeist liegt in der DNA unserer Gr\u00fcnder. Wir ergreifen Initiativen, schaffen Chancen, sch\u00e4tzen Agilit\u00e4t und Innovation, um WOW-Erlebnisse durch herausragenden Service zu liefern.\u00a0<\/p>\n<h3>ZUSAMMENARBEIT<\/h3>\n<p style=\"text-align: center;\">Wir legen Wert auf Kooperation \u00fcber Wettbewerb.<br \/>Teamarbeit ist unerl\u00e4sslich, um gemeinsame Bedeutungen und Ergebnisse zu erm\u00f6glichen. Unsere Organisation ist so strukturiert, dass sie die funktions\u00fcbergreifende Zusammenarbeit f\u00f6rdert und dadurch Innovation und eine Kultur der Offenheit, Ehrlichkeit und des Vertrauens f\u00fcr eine engagierte und gesch\u00e4tzte Belegschaft f\u00f6rdert. Die schnelle L\u00f6sung von Problemen erfordert gegenseitigen Respekt, Verst\u00e4ndnis und die Bereitschaft, gemeinsam auf gemeinsame Ziele hinzuarbeiten.<\/p>\n<p style=\"text-align: center;\">ENTREPRENEURSHIP<\/p>\n<p style=\"text-align: center;\">We embrace and drive change and constantly seek challenges.<br \/>Entrepreneurial spirit is in the DNA of our founders. We take initiatives, create opportunities, value agility and innovation to deliver WOW experiences through outstanding service.<\/p>\n<p style=\"text-align: center;\">COOPERATION<\/p>\n<p style=\"text-align: center;\">We value cooperation over competition.<br \/>Teamwork is essential to enable shared meaning and outcomes. Our organization is structured to encourage cross-functional collaboration, thereby fostering innovation and a culture of openness, honesty and trust for an engaged and valued workforce. Resolving problems quickly requires mutual respect, understanding and a willingness to work together towards common goals.<\/p>\n","protected":false},"excerpt":{"rendered":"<p>A\u00a0SSISSTA \u200b Willkommen bei der Conciergerie Ihrer Wahl\u00a0 A\u00a0SSISSTA \u200bWelcome to the conciergerie of your choice UNSERE DNA \u00a0Wir widmen uns einem Passion: dem SERVICE. Leidenschaft verk\u00f6rpert unseren Beruf, da sie den Kunden in den Mittelpunkt unserer Aufmerksamkeit stellt. OUR DNA We dedicate ourselves to one passion: SERVICE. Passion embodies our profession as it puts [&hellip;]<\/p>\n","protected":false},"author":1,"featured_media":0,"parent":0,"menu_order":0,"comment_status":"closed","ping_status":"closed","template":"","meta":{"footnotes":""},"class_list":["post-12","page","type-page","status-publish","hentry"],"yoast_head":"<!-- This site is optimized with the Yoast SEO plugin v27.5 - https:\/\/yoast.com\/product\/yoast-seo-wordpress\/ -->\n<title>ABOUT US - Munich Concierge<\/title>\n<meta name=\"robots\" content=\"index, follow, max-snippet:-1, max-image-preview:large, max-video-preview:-1\" \/>\n<link rel=\"canonical\" href=\"https:\/\/munich-concierge.com\/index.php\/about-us\/\" \/>\n<meta property=\"og:locale\" content=\"en_US\" \/>\n<meta property=\"og:type\" content=\"article\" \/>\n<meta property=\"og:title\" content=\"ABOUT US - Munich Concierge\" \/>\n<meta property=\"og:description\" content=\"A\u00a0SSISSTA \u200b Willkommen bei der Conciergerie Ihrer Wahl\u00a0 A\u00a0SSISSTA \u200bWelcome to the conciergerie of your choice UNSERE DNA \u00a0Wir widmen uns einem Passion: dem SERVICE. Leidenschaft verk\u00f6rpert unseren Beruf, da sie den Kunden in den Mittelpunkt unserer Aufmerksamkeit stellt. OUR DNA We dedicate ourselves to one passion: SERVICE. Passion embodies our profession as it puts [&hellip;]\" \/>\n<meta property=\"og:url\" content=\"https:\/\/munich-concierge.com\/index.php\/about-us\/\" \/>\n<meta property=\"og:site_name\" content=\"Munich Concierge\" \/>\n<meta property=\"article:modified_time\" content=\"2022-11-21T10:35:04+00:00\" \/>\n<meta property=\"og:image\" content=\"https:\/\/munich-concierge.com\/wp-content\/uploads\/2022\/09\/asassasass-2.png\" \/>\n<meta name=\"twitter:card\" content=\"summary_large_image\" \/>\n<meta name=\"twitter:label1\" content=\"Est. reading time\" \/>\n\t<meta name=\"twitter:data1\" content=\"2 minutes\" \/>\n<script type=\"application\/ld+json\" class=\"yoast-schema-graph\">{\"@context\":\"https:\\\/\\\/schema.org\",\"@graph\":[{\"@type\":\"WebPage\",\"@id\":\"https:\\\/\\\/munich-concierge.com\\\/index.php\\\/about-us\\\/\",\"url\":\"https:\\\/\\\/munich-concierge.com\\\/index.php\\\/about-us\\\/\",\"name\":\"ABOUT US - Munich Concierge\",\"isPartOf\":{\"@id\":\"https:\\\/\\\/munich-concierge.com\\\/#website\"},\"primaryImageOfPage\":{\"@id\":\"https:\\\/\\\/munich-concierge.com\\\/index.php\\\/about-us\\\/#primaryimage\"},\"image\":{\"@id\":\"https:\\\/\\\/munich-concierge.com\\\/index.php\\\/about-us\\\/#primaryimage\"},\"thumbnailUrl\":\"https:\\\/\\\/munich-concierge.com\\\/wp-content\\\/uploads\\\/2022\\\/09\\\/asassasass-2.png\",\"datePublished\":\"2022-09-19T16:05:28+00:00\",\"dateModified\":\"2022-11-21T10:35:04+00:00\",\"breadcrumb\":{\"@id\":\"https:\\\/\\\/munich-concierge.com\\\/index.php\\\/about-us\\\/#breadcrumb\"},\"inLanguage\":\"en-US\",\"potentialAction\":[{\"@type\":\"ReadAction\",\"target\":[\"https:\\\/\\\/munich-concierge.com\\\/index.php\\\/about-us\\\/\"]}]},{\"@type\":\"ImageObject\",\"inLanguage\":\"en-US\",\"@id\":\"https:\\\/\\\/munich-concierge.com\\\/index.php\\\/about-us\\\/#primaryimage\",\"url\":\"https:\\\/\\\/munich-concierge.com\\\/wp-content\\\/uploads\\\/2022\\\/09\\\/asassasass-2.png\",\"contentUrl\":\"https:\\\/\\\/munich-concierge.com\\\/wp-content\\\/uploads\\\/2022\\\/09\\\/asassasass-2.png\",\"width\":513,\"height\":208},{\"@type\":\"BreadcrumbList\",\"@id\":\"https:\\\/\\\/munich-concierge.com\\\/index.php\\\/about-us\\\/#breadcrumb\",\"itemListElement\":[{\"@type\":\"ListItem\",\"position\":1,\"name\":\"Home\",\"item\":\"https:\\\/\\\/munich-concierge.com\\\/\"},{\"@type\":\"ListItem\",\"position\":2,\"name\":\"ABOUT US\"}]},{\"@type\":\"WebSite\",\"@id\":\"https:\\\/\\\/munich-concierge.com\\\/#website\",\"url\":\"https:\\\/\\\/munich-concierge.com\\\/\",\"name\":\"Munich Concierge\",\"description\":\"Munich premier Concierge service\",\"potentialAction\":[{\"@type\":\"SearchAction\",\"target\":{\"@type\":\"EntryPoint\",\"urlTemplate\":\"https:\\\/\\\/munich-concierge.com\\\/?s={search_term_string}\"},\"query-input\":{\"@type\":\"PropertyValueSpecification\",\"valueRequired\":true,\"valueName\":\"search_term_string\"}}],\"inLanguage\":\"en-US\"}]}<\/script>\n<!-- \/ Yoast SEO plugin. -->","yoast_head_json":{"title":"ABOUT US - Munich Concierge","robots":{"index":"index","follow":"follow","max-snippet":"max-snippet:-1","max-image-preview":"max-image-preview:large","max-video-preview":"max-video-preview:-1"},"canonical":"https:\/\/munich-concierge.com\/index.php\/about-us\/","og_locale":"en_US","og_type":"article","og_title":"ABOUT US - Munich Concierge","og_description":"A\u00a0SSISSTA \u200b Willkommen bei der Conciergerie Ihrer Wahl\u00a0 A\u00a0SSISSTA \u200bWelcome to the conciergerie of your choice UNSERE DNA \u00a0Wir widmen uns einem Passion: dem SERVICE. Leidenschaft verk\u00f6rpert unseren Beruf, da sie den Kunden in den Mittelpunkt unserer Aufmerksamkeit stellt. OUR DNA We dedicate ourselves to one passion: SERVICE. Passion embodies our profession as it puts [&hellip;]","og_url":"https:\/\/munich-concierge.com\/index.php\/about-us\/","og_site_name":"Munich Concierge","article_modified_time":"2022-11-21T10:35:04+00:00","og_image":[{"url":"https:\/\/munich-concierge.com\/wp-content\/uploads\/2022\/09\/asassasass-2.png","type":"","width":"","height":""}],"twitter_card":"summary_large_image","twitter_misc":{"Est. reading time":"2 minutes"},"schema":{"@context":"https:\/\/schema.org","@graph":[{"@type":"WebPage","@id":"https:\/\/munich-concierge.com\/index.php\/about-us\/","url":"https:\/\/munich-concierge.com\/index.php\/about-us\/","name":"ABOUT US - Munich Concierge","isPartOf":{"@id":"https:\/\/munich-concierge.com\/#website"},"primaryImageOfPage":{"@id":"https:\/\/munich-concierge.com\/index.php\/about-us\/#primaryimage"},"image":{"@id":"https:\/\/munich-concierge.com\/index.php\/about-us\/#primaryimage"},"thumbnailUrl":"https:\/\/munich-concierge.com\/wp-content\/uploads\/2022\/09\/asassasass-2.png","datePublished":"2022-09-19T16:05:28+00:00","dateModified":"2022-11-21T10:35:04+00:00","breadcrumb":{"@id":"https:\/\/munich-concierge.com\/index.php\/about-us\/#breadcrumb"},"inLanguage":"en-US","potentialAction":[{"@type":"ReadAction","target":["https:\/\/munich-concierge.com\/index.php\/about-us\/"]}]},{"@type":"ImageObject","inLanguage":"en-US","@id":"https:\/\/munich-concierge.com\/index.php\/about-us\/#primaryimage","url":"https:\/\/munich-concierge.com\/wp-content\/uploads\/2022\/09\/asassasass-2.png","contentUrl":"https:\/\/munich-concierge.com\/wp-content\/uploads\/2022\/09\/asassasass-2.png","width":513,"height":208},{"@type":"BreadcrumbList","@id":"https:\/\/munich-concierge.com\/index.php\/about-us\/#breadcrumb","itemListElement":[{"@type":"ListItem","position":1,"name":"Home","item":"https:\/\/munich-concierge.com\/"},{"@type":"ListItem","position":2,"name":"ABOUT US"}]},{"@type":"WebSite","@id":"https:\/\/munich-concierge.com\/#website","url":"https:\/\/munich-concierge.com\/","name":"Munich Concierge","description":"Munich premier Concierge service","potentialAction":[{"@type":"SearchAction","target":{"@type":"EntryPoint","urlTemplate":"https:\/\/munich-concierge.com\/?s={search_term_string}"},"query-input":{"@type":"PropertyValueSpecification","valueRequired":true,"valueName":"search_term_string"}}],"inLanguage":"en-US"}]}},"_links":{"self":[{"href":"https:\/\/munich-concierge.com\/index.php\/wp-json\/wp\/v2\/pages\/12","targetHints":{"allow":["GET"]}}],"collection":[{"href":"https:\/\/munich-concierge.com\/index.php\/wp-json\/wp\/v2\/pages"}],"about":[{"href":"https:\/\/munich-concierge.com\/index.php\/wp-json\/wp\/v2\/types\/page"}],"author":[{"embeddable":true,"href":"https:\/\/munich-concierge.com\/index.php\/wp-json\/wp\/v2\/users\/1"}],"replies":[{"embeddable":true,"href":"https:\/\/munich-concierge.com\/index.php\/wp-json\/wp\/v2\/comments?post=12"}],"version-history":[{"count":55,"href":"https:\/\/munich-concierge.com\/index.php\/wp-json\/wp\/v2\/pages\/12\/revisions"}],"predecessor-version":[{"id":495,"href":"https:\/\/munich-concierge.com\/index.php\/wp-json\/wp\/v2\/pages\/12\/revisions\/495"}],"wp:attachment":[{"href":"https:\/\/munich-concierge.com\/index.php\/wp-json\/wp\/v2\/media?parent=12"}],"curies":[{"name":"wp","href":"https:\/\/api.w.org\/{rel}","templated":true}]}}